{"id":2827,"date":"2025-04-27T10:38:49","date_gmt":"2025-04-27T08:38:49","guid":{"rendered":"https:\/\/www.mo-wo.de\/?page_id=2827"},"modified":"2025-11-18T15:18:51","modified_gmt":"2025-11-18T14:18:51","slug":"odtlacok","status":"publish","type":"page","link":"https:\/\/www.mo-wo.de\/sk\/odtlacok\/","title":{"rendered":"Odtla\u010dok"},"content":{"rendered":"\t\t<div data-elementor-type=\"wp-page\" data-elementor-id=\"2827\" class=\"elementor elementor-2827 elementor-819\" data-elementor-post-type=\"page\">\n\t\t\t\t<div class=\"elementor-element elementor-element-5de98edd e-flex e-con-boxed e-con e-parent\" data-id=\"5de98edd\" data-element_type=\"container\" data-e-type=\"container\">\n\t\t\t\t\t<div class=\"e-con-inner\">\n\t\t\t\t<div class=\"elementor-element elementor-element-16db49bf elementor-widget elementor-widget-text-editor\" data-id=\"16db49bf\" data-element_type=\"widget\" data-e-type=\"widget\" data-widget_type=\"text-editor.default\">\n\t\t\t\t<div class=\"elementor-widget-container\">\n\t\t\t\t\t\t\t\t\t<h1>Odtla\u010dok<\/h1><p>Mowo GmbH<br>Sedanstrasse 19a<br>97082 W\u00fcrzburg<\/p><p>Obchodn\u00fd register: HRB 17761<br>Registrov\u00fd s\u00fad: Miestny s\u00fad vo W\u00fcrzburgu<\/p><p><strong>V zast\u00fapen\u00ed:<\/strong><br>Eva Wechsler, Kevin Forstner a Erik Koller<\/p><h2>Kontaktujte n\u00e1s<\/h2><p>Telef\u00f3n: +49 (0) 931 45374300<br>E-mail: info@mo-wo.de<\/p><h2>Identifika\u010dn\u00e9 \u010d\u00edslo pre da\u0148 z predaja<\/h2><p>Identifika\u010dn\u00e9 \u010d\u00edslo pre da\u0148 z pridanej hodnoty pod\u013ea \u00a7 27a z\u00e1kona o dani z pridanej hodnoty:<br>DE452292890<\/p><h2>Inform\u00e1cie o poisten\u00ed zodpovednosti za \u0161kodu sp\u00f4soben\u00fa pri v\u00fdkone povolania<\/h2><p><strong>N\u00e1zov a s\u00eddlo pois\u0165ovate\u013ea<\/strong>:<br>3456789<\/p><h2>Redak\u010dne zodpovedn\u00e9<\/h2><p>Eva Wechsler a Kevin Forstner<\/p><h2>Rie\u0161enie sporov v E\u00da<\/h2><p>Eur\u00f3pska komisia poskytuje platformu na rie\u0161enie sporov online (OS): <a href=\"https:\/\/ec.europa.eu\/consumers\/odr\/\" target=\"_blank\" rel=\"noopener noreferrer\">https:\/\/ec.europa.eu\/consumers\/odr\/.<\/a><br>. Na\u0161u e-mailov\u00fa adresu n\u00e1jdete vo vy\u0161\u0161ie uvedenom pr\u00e1vnom ozn\u00e1men\u00ed.<\/p><h2>Rie\u0161enie spotrebite\u013esk\u00fdch sporov\/univerz\u00e1lne rozhodcovsk\u00e9 centrum<\/h2><p>Nie sme ochotn\u00ed ani povinn\u00ed z\u00fa\u010dastni\u0165 sa na konan\u00ed o rie\u0161en\u00ed sporu pred spotrebite\u013eskou arbitr\u00e1\u017enou komisiou.<\/p><h2>Ikony<\/h2><p>Uicons by <a href=\"https:\/\/www.flaticon.com\/uicons\" target=\"_blank\" rel=\"noopener\">Flaticon<\/a><\/p>\t\t\t\t\t\t\t\t<\/div>\n\t\t\t\t<\/div>\n\t\t\t\t\t<\/div>\n\t\t\t\t<\/div>\n\t\t\t\t<\/div>\n\t\t","protected":false},"excerpt":{"rendered":"<p>Odtla\u010dok Mowo GmbHSedanstrasse 19a97082 W\u00fcrzburg Obchodn\u00fd register: HRB 17761Registrov\u00fd s\u00fad: Miestny s\u00fad vo W\u00fcrzburgu V zast\u00fapen\u00ed:Eva Wechsler, Kevin Forstner a Erik Koller Kontaktujte n\u00e1s Telef\u00f3n: +49 (0) 931 45374300E-mail: info@mo-wo.de Identifika\u010dn\u00e9 \u010d\u00edslo pre da\u0148 z predaja Identifika\u010dn\u00e9 \u010d\u00edslo pre da\u0148 z pridanej hodnoty pod\u013ea \u00a7 27a z\u00e1kona o dani z pridanej hodnoty:DE452292890 Inform\u00e1cie o poisten\u00ed [&hellip;]<\/p>\n","protected":false},"author":1,"featured_media":0,"parent":0,"menu_order":0,"comment_status":"closed","ping_status":"closed","template":"","meta":{"footnotes":""},"class_list":["post-2827","page","type-page","status-publish","hentry"],"_links":{"self":[{"href":"https:\/\/www.mo-wo.de\/sk\/wp-json\/wp\/v2\/pages\/2827","targetHints":{"allow":["GET"]}}],"collection":[{"href":"https:\/\/www.mo-wo.de\/sk\/wp-json\/wp\/v2\/pages"}],"about":[{"href":"https:\/\/www.mo-wo.de\/sk\/wp-json\/wp\/v2\/types\/page"}],"author":[{"embeddable":true,"href":"https:\/\/www.mo-wo.de\/sk\/wp-json\/wp\/v2\/users\/1"}],"replies":[{"embeddable":true,"href":"https:\/\/www.mo-wo.de\/sk\/wp-json\/wp\/v2\/comments?post=2827"}],"version-history":[{"count":3,"href":"https:\/\/www.mo-wo.de\/sk\/wp-json\/wp\/v2\/pages\/2827\/revisions"}],"predecessor-version":[{"id":2830,"href":"https:\/\/www.mo-wo.de\/sk\/wp-json\/wp\/v2\/pages\/2827\/revisions\/2830"}],"wp:attachment":[{"href":"https:\/\/www.mo-wo.de\/sk\/wp-json\/wp\/v2\/media?parent=2827"}],"curies":[{"name":"wp","href":"https:\/\/api.w.org\/{rel}","templated":true}]}}